{"id":106,"date":"2026-01-13T12:39:17","date_gmt":"2026-01-13T12:39:17","guid":{"rendered":"https:\/\/lescapricesdelodie.fr\/?page_id=106"},"modified":"2026-01-13T12:39:18","modified_gmt":"2026-01-13T12:39:18","slug":"contactez-moi","status":"publish","type":"page","link":"https:\/\/lescapricesdelodie.fr\/index.php\/contactez-moi\/","title":{"rendered":"Contactez-moi"},"content":{"rendered":"\n<h1 class=\"wp-block-heading\">\ud83d\udcec Contactez-moi \u2013 Les Caprices d\u2019Elodie<\/h1>\n\n\n\n<h2 class=\"wp-block-heading\">Cr\u00e9ations artisanales pour b\u00e9b\u00e9 \u2013 Fait main \u00e0 Cannes<\/h2>\n\n\n\n<p>Vous avez une question sur mes <strong>articles pour b\u00e9b\u00e9 personnalis\u00e9s<\/strong>, une demande particuli\u00e8re ou souhaitez passer une commande sur mesure ?<br>Je suis \u00e0 votre \u00e9coute pour r\u00e9pondre \u00e0 toutes vos demandes avec <strong>bienveillance et rapidit\u00e9<\/strong>.<\/p>\n\n\n\n<hr class=\"wp-block-separator has-alpha-channel-opacity\"\/>\n\n\n\n<h2 class=\"wp-block-heading\">\ud83e\uddf8 Comment me contacter<\/h2>\n\n\n\n<p>Vous pouvez me joindre facilement via :<\/p>\n\n\n\n<ul class=\"wp-block-list\">\n<li><strong>Formulaire de contact<\/strong> : remplissez le formulaire ci-dessous et je vous r\u00e9pondrai dans les 24-48h<\/li>\n\n\n\n<li><strong>Email<\/strong> : <a>contact@lescapricesdelodie.fr<\/a><\/li>\n<\/ul>\n\n\n\n<hr class=\"wp-block-separator has-alpha-channel-opacity\"\/>\n\n\n\n<h2 class=\"wp-block-heading\">\ud83d\udc9b Suivi personnalis\u00e9<\/h2>\n\n\n\n<p>Chaque commande est unique et <strong>personnalis\u00e9e par mes soins<\/strong>.<br>N\u2019h\u00e9sitez pas \u00e0 me poser vos questions concernant :<\/p>\n\n\n\n<ul class=\"wp-block-list\">\n<li>les <strong>options de personnalisation<\/strong><\/li>\n\n\n\n<li>les <strong>d\u00e9lais de cr\u00e9ation<\/strong><\/li>\n\n\n\n<li>les <strong>articles disponibles<\/strong><\/li>\n\n\n\n<li>ou toute <strong>demande sp\u00e9ciale<\/strong> pour un cadeau naissance<\/li>\n<\/ul>\n\n\n\n<hr class=\"wp-block-separator has-alpha-channel-opacity\"\/>\n\n\n\n<h2 class=\"wp-block-heading\">\ud83c\udf38 Adresse<\/h2>\n\n\n\n<p><strong>Les Caprices d\u2019Elodie \u2013 Cr\u00e9ations artisanales pour b\u00e9b\u00e9<\/strong><br>Cannes, Alpes-Maritimes, France<\/p>\n","protected":false},"excerpt":{"rendered":"<p>\ud83d\udcec Contactez-moi \u2013 Les Caprices d\u2019Elodie Cr\u00e9ations artisanales pour b\u00e9b\u00e9 \u2013 Fait main \u00e0 Cannes Vous avez une question sur mes articles pour b\u00e9b\u00e9 personnalis\u00e9s, une demande particuli\u00e8re ou souhaitez passer une commande sur mesure ?Je suis \u00e0 votre \u00e9coute pour r\u00e9pondre \u00e0 toutes vos demandes avec bienveillance et rapidit\u00e9. \ud83e\uddf8 Comment me contacter Vous [&hellip;]<\/p>\n","protected":false},"author":1,"featured_media":0,"parent":0,"menu_order":0,"comment_status":"closed","ping_status":"closed","template":"","meta":{"footnotes":""},"class_list":["post-106","page","type-page","status-publish","hentry"],"yoast_head":"<!-- This site is optimized with the Yoast SEO plugin v26.7 - https:\/\/yoast.com\/wordpress\/plugins\/seo\/ -->\n<title>Contactez-moi - lescapricesdelodie<\/title>\n<meta name=\"robots\" content=\"index, follow, max-snippet:-1, max-image-preview:large, max-video-preview:-1\" \/>\n<link rel=\"canonical\" href=\"https:\/\/lescapricesdelodie.fr\/index.php\/contactez-moi\/\" \/>\n<meta property=\"og:locale\" content=\"fr_FR\" \/>\n<meta property=\"og:type\" content=\"article\" \/>\n<meta property=\"og:title\" content=\"Contactez-moi - lescapricesdelodie\" \/>\n<meta property=\"og:description\" content=\"\ud83d\udcec Contactez-moi \u2013 Les Caprices d\u2019Elodie Cr\u00e9ations artisanales pour b\u00e9b\u00e9 \u2013 Fait main \u00e0 Cannes Vous avez une question sur mes articles pour b\u00e9b\u00e9 personnalis\u00e9s, une demande particuli\u00e8re ou souhaitez passer une commande sur mesure ?Je suis \u00e0 votre \u00e9coute pour r\u00e9pondre \u00e0 toutes vos demandes avec bienveillance et rapidit\u00e9. \ud83e\uddf8 Comment me contacter Vous [&hellip;]\" \/>\n<meta property=\"og:url\" content=\"https:\/\/lescapricesdelodie.fr\/index.php\/contactez-moi\/\" \/>\n<meta property=\"og:site_name\" content=\"lescapricesdelodie\" \/>\n<meta property=\"article:modified_time\" content=\"2026-01-13T12:39:18+00:00\" \/>\n<meta name=\"twitter:card\" content=\"summary_large_image\" \/>\n<meta name=\"twitter:label1\" content=\"Dur\u00e9e de lecture estim\u00e9e\" \/>\n\t<meta name=\"twitter:data1\" content=\"1 minute\" \/>\n<script type=\"application\/ld+json\" class=\"yoast-schema-graph\">{\"@context\":\"https:\/\/schema.org\",\"@graph\":[{\"@type\":\"WebPage\",\"@id\":\"https:\/\/lescapricesdelodie.fr\/index.php\/contactez-moi\/\",\"url\":\"https:\/\/lescapricesdelodie.fr\/index.php\/contactez-moi\/\",\"name\":\"Contactez-moi - lescapricesdelodie\",\"isPartOf\":{\"@id\":\"https:\/\/lescapricesdelodie.fr\/#website\"},\"datePublished\":\"2026-01-13T12:39:17+00:00\",\"dateModified\":\"2026-01-13T12:39:18+00:00\",\"breadcrumb\":{\"@id\":\"https:\/\/lescapricesdelodie.fr\/index.php\/contactez-moi\/#breadcrumb\"},\"inLanguage\":\"fr-FR\",\"potentialAction\":[{\"@type\":\"ReadAction\",\"target\":[\"https:\/\/lescapricesdelodie.fr\/index.php\/contactez-moi\/\"]}]},{\"@type\":\"BreadcrumbList\",\"@id\":\"https:\/\/lescapricesdelodie.fr\/index.php\/contactez-moi\/#breadcrumb\",\"itemListElement\":[{\"@type\":\"ListItem\",\"position\":1,\"name\":\"Accueil\",\"item\":\"https:\/\/lescapricesdelodie.fr\/\"},{\"@type\":\"ListItem\",\"position\":2,\"name\":\"Contactez-moi\"}]},{\"@type\":\"WebSite\",\"@id\":\"https:\/\/lescapricesdelodie.fr\/#website\",\"url\":\"https:\/\/lescapricesdelodie.fr\/\",\"name\":\"lescapricesdelodie\",\"description\":\"\",\"publisher\":{\"@id\":\"https:\/\/lescapricesdelodie.fr\/#organization\"},\"potentialAction\":[{\"@type\":\"SearchAction\",\"target\":{\"@type\":\"EntryPoint\",\"urlTemplate\":\"https:\/\/lescapricesdelodie.fr\/?s={search_term_string}\"},\"query-input\":{\"@type\":\"PropertyValueSpecification\",\"valueRequired\":true,\"valueName\":\"search_term_string\"}}],\"inLanguage\":\"fr-FR\"},{\"@type\":\"Organization\",\"@id\":\"https:\/\/lescapricesdelodie.fr\/#organization\",\"name\":\"lescapricesdelodie\",\"url\":\"https:\/\/lescapricesdelodie.fr\/\",\"logo\":{\"@type\":\"ImageObject\",\"inLanguage\":\"fr-FR\",\"@id\":\"https:\/\/lescapricesdelodie.fr\/#\/schema\/logo\/image\/\",\"url\":\"https:\/\/lescapricesdelodie.fr\/wp-content\/uploads\/2025\/12\/cropped-1-1-1.png\",\"contentUrl\":\"https:\/\/lescapricesdelodie.fr\/wp-content\/uploads\/2025\/12\/cropped-1-1-1.png\",\"width\":1050,\"height\":464,\"caption\":\"lescapricesdelodie\"},\"image\":{\"@id\":\"https:\/\/lescapricesdelodie.fr\/#\/schema\/logo\/image\/\"}}]}<\/script>\n<!-- \/ Yoast SEO plugin. -->","yoast_head_json":{"title":"Contactez-moi - lescapricesdelodie","robots":{"index":"index","follow":"follow","max-snippet":"max-snippet:-1","max-image-preview":"max-image-preview:large","max-video-preview":"max-video-preview:-1"},"canonical":"https:\/\/lescapricesdelodie.fr\/index.php\/contactez-moi\/","og_locale":"fr_FR","og_type":"article","og_title":"Contactez-moi - lescapricesdelodie","og_description":"\ud83d\udcec Contactez-moi \u2013 Les Caprices d\u2019Elodie Cr\u00e9ations artisanales pour b\u00e9b\u00e9 \u2013 Fait main \u00e0 Cannes Vous avez une question sur mes articles pour b\u00e9b\u00e9 personnalis\u00e9s, une demande particuli\u00e8re ou souhaitez passer une commande sur mesure ?Je suis \u00e0 votre \u00e9coute pour r\u00e9pondre \u00e0 toutes vos demandes avec bienveillance et rapidit\u00e9. \ud83e\uddf8 Comment me contacter Vous [&hellip;]","og_url":"https:\/\/lescapricesdelodie.fr\/index.php\/contactez-moi\/","og_site_name":"lescapricesdelodie","article_modified_time":"2026-01-13T12:39:18+00:00","twitter_card":"summary_large_image","twitter_misc":{"Dur\u00e9e de lecture estim\u00e9e":"1 minute"},"schema":{"@context":"https:\/\/schema.org","@graph":[{"@type":"WebPage","@id":"https:\/\/lescapricesdelodie.fr\/index.php\/contactez-moi\/","url":"https:\/\/lescapricesdelodie.fr\/index.php\/contactez-moi\/","name":"Contactez-moi - lescapricesdelodie","isPartOf":{"@id":"https:\/\/lescapricesdelodie.fr\/#website"},"datePublished":"2026-01-13T12:39:17+00:00","dateModified":"2026-01-13T12:39:18+00:00","breadcrumb":{"@id":"https:\/\/lescapricesdelodie.fr\/index.php\/contactez-moi\/#breadcrumb"},"inLanguage":"fr-FR","potentialAction":[{"@type":"ReadAction","target":["https:\/\/lescapricesdelodie.fr\/index.php\/contactez-moi\/"]}]},{"@type":"BreadcrumbList","@id":"https:\/\/lescapricesdelodie.fr\/index.php\/contactez-moi\/#breadcrumb","itemListElement":[{"@type":"ListItem","position":1,"name":"Accueil","item":"https:\/\/lescapricesdelodie.fr\/"},{"@type":"ListItem","position":2,"name":"Contactez-moi"}]},{"@type":"WebSite","@id":"https:\/\/lescapricesdelodie.fr\/#website","url":"https:\/\/lescapricesdelodie.fr\/","name":"lescapricesdelodie","description":"","publisher":{"@id":"https:\/\/lescapricesdelodie.fr\/#organization"},"potentialAction":[{"@type":"SearchAction","target":{"@type":"EntryPoint","urlTemplate":"https:\/\/lescapricesdelodie.fr\/?s={search_term_string}"},"query-input":{"@type":"PropertyValueSpecification","valueRequired":true,"valueName":"search_term_string"}}],"inLanguage":"fr-FR"},{"@type":"Organization","@id":"https:\/\/lescapricesdelodie.fr\/#organization","name":"lescapricesdelodie","url":"https:\/\/lescapricesdelodie.fr\/","logo":{"@type":"ImageObject","inLanguage":"fr-FR","@id":"https:\/\/lescapricesdelodie.fr\/#\/schema\/logo\/image\/","url":"https:\/\/lescapricesdelodie.fr\/wp-content\/uploads\/2025\/12\/cropped-1-1-1.png","contentUrl":"https:\/\/lescapricesdelodie.fr\/wp-content\/uploads\/2025\/12\/cropped-1-1-1.png","width":1050,"height":464,"caption":"lescapricesdelodie"},"image":{"@id":"https:\/\/lescapricesdelodie.fr\/#\/schema\/logo\/image\/"}}]}},"_links":{"self":[{"href":"https:\/\/lescapricesdelodie.fr\/index.php\/wp-json\/wp\/v2\/pages\/106","targetHints":{"allow":["GET"]}}],"collection":[{"href":"https:\/\/lescapricesdelodie.fr\/index.php\/wp-json\/wp\/v2\/pages"}],"about":[{"href":"https:\/\/lescapricesdelodie.fr\/index.php\/wp-json\/wp\/v2\/types\/page"}],"author":[{"embeddable":true,"href":"https:\/\/lescapricesdelodie.fr\/index.php\/wp-json\/wp\/v2\/users\/1"}],"replies":[{"embeddable":true,"href":"https:\/\/lescapricesdelodie.fr\/index.php\/wp-json\/wp\/v2\/comments?post=106"}],"version-history":[{"count":1,"href":"https:\/\/lescapricesdelodie.fr\/index.php\/wp-json\/wp\/v2\/pages\/106\/revisions"}],"predecessor-version":[{"id":107,"href":"https:\/\/lescapricesdelodie.fr\/index.php\/wp-json\/wp\/v2\/pages\/106\/revisions\/107"}],"wp:attachment":[{"href":"https:\/\/lescapricesdelodie.fr\/index.php\/wp-json\/wp\/v2\/media?parent=106"}],"curies":[{"name":"wp","href":"https:\/\/api.w.org\/{rel}","templated":true}]}}